{"id":43,"date":"2020-09-18T10:06:01","date_gmt":"2020-09-18T10:06:01","guid":{"rendered":"https:\/\/baustelle.schuelerheim-hoechstaedt.de\/?page_id=43"},"modified":"2022-09-20T18:49:32","modified_gmt":"2022-09-20T18:49:32","slug":"freizeit","status":"publish","type":"page","link":"https:\/\/schuelerheim-hoechstaedt.de\/index.php\/freizeit\/","title":{"rendered":"Freizeit"},"content":{"rendered":"\n<div class=\"wp-block-image is-style-rounded\"><figure class=\"alignleft size-large is-resized\"><img loading=\"lazy\" decoding=\"async\" src=\"https:\/\/baustelle.schuelerheim-hoechstaedt.de\/wp-content\/uploads\/2020\/09\/haus5.jpg\" alt=\"\" class=\"wp-image-103\" width=\"578\" height=\"386\" srcset=\"https:\/\/schuelerheim-hoechstaedt.de\/wp-content\/uploads\/2020\/09\/haus5.jpg 1000w, https:\/\/schuelerheim-hoechstaedt.de\/wp-content\/uploads\/2020\/09\/haus5-300x200.jpg 300w, https:\/\/schuelerheim-hoechstaedt.de\/wp-content\/uploads\/2020\/09\/haus5-768x512.jpg 768w\" sizes=\"auto, (max-width: 578px) 100vw, 578px\" \/><\/figure><\/div>\n\n\n\n<p>In unserem Sch\u00fclerheim haben Sie verschiedene M\u00f6glichkeiten die Freizeit aktiv zu gestalten.<br><br>Sie k\u00f6nnen unsere Freizeitr\u00e4ume und die Au\u00dfenanlagen nutzen, oder sich an unserem w\u00f6chentlich wechselndem Freizeitprogramm beteiligen (<a href=\"https:\/\/schuelerheim-hoechstaedt.de\/wp-content\/uploads\/2022\/09\/Wochenplan-Freizeitangebote-SpielkreativSportSport2022_23.pdf\">Wochenplan Sport<\/a>). Sehr gerne unterst\u00fctzen wir Sie bei der Umsetzung eigener Ideen.<br><br>Zus\u00e4tzlich finden Sie im B\u00fcro eine gro\u00dfe Auswahl an Gesellschaftsspielen zum Ausleihen.<br><br>Pr\u00e4vention hat bei uns einen hohen Stellenwert. Regelm\u00e4\u00dfig f\u00fchren wir zu verschiedenen Themen Projekte durch. Das Sch\u00fclerheim verf\u00fcgt \u00fcber ein eigenes, speziell erarbeitetes Drogenpr\u00e4ventionskonzept. Dieses ist auf Anfrage im B\u00fcro erh\u00e4ltlich.<br><br>Die Meinung der Auszubildenden ist uns wichtig. Deshalb liegen im Sch\u00fclerheim Meinungsb\u00f6gen aus, die regelm\u00e4\u00dfig ausgewertet und die Ergebnisse ver\u00f6ffentlicht werden.<\/p>\n\n\n\n<div style=\"height:72px\" aria-hidden=\"true\" class=\"wp-block-spacer\"><\/div>\n\n\n\n<h4 class=\"wp-block-heading\">Freizeitm\u00f6glichkeiten in H\u00f6chst\u00e4dt und Umgebung<\/h4>\n\n\n\n<ul class=\"wp-block-list\"><li><a href=\"https:\/\/ssv-hoechstaedt.de\/\">https:\/\/ssv-hoechstaedt.de\/<\/a><\/li><li>Escaperoom Dillingen<\/li><li>Bavaria Kart G\u00fcnzburg<\/li><li>Paintball Zone G\u00fcnzburg<\/li><li> Minigolfanlagen Dillingen und Wertingen<\/li><li>Outdoor Fitnessger\u00e4te im Stadtpark: vier fest installierte Edelstahl-Trainingsger\u00e4te, darunter ein H\u00fcft-, Cross- und Ski-Trainer<\/li><li>Ebenso befindet sich eine Kneippanlage im Park<\/li><li>Im Osten von H\u00f6chst\u00e4dt, in der N\u00e4he der Kl\u00e4ranlage, stehen ein Bolzplatz und eine Skateranlage zur Verf\u00fcgung<\/li><li>Das Schloss bietet mit seinem Museum und wechselnden Ausstellungen ein St\u00fcck Kultur f\u00fcr Interessierte<\/li><li>Treppenartige Ufersicherung als direkter Zugang zur Donau, als Erholungsplatz direkt am Wasser<\/li><li>Rund um H\u00f6chst\u00e4dt laden einige Baggerseen zum Baden und Erholen ein<\/li><li>Au\u00dferdem gibt es ein Hallenbad des Schulverbands der Grund- und Mittelschule H\u00f6chst\u00e4dt<\/li><li>Die Nordschwabenhalle \/ Schulturnhalle ist zu bestimmten Zeiten f\u00fcr Indoor Sport nutzbar<\/li><li><a rel=\"noreferrer noopener\" href=\"https:\/\/www.vg-hoechstaedt.de\/category\/freizeitsportanlagen\/\" target=\"_blank\">https:\/\/www.vg-hoechstaedt.de\/category\/freizeitsportanlagen\/<\/a><\/li><li>Nebelbachpark in Blindheim: Bouleplatz, Fitness im Freien, Natur<\/li><li>Auwald und Schloss erleben \u2013 Herzogin-Anna-Rundweg<\/li><li>Trimm Dich Pfad Dillingen<\/li><li>Salzoase Wertingen<\/li><li>Filmc<em>enter Dillingen \/ Filmtheater Wertingen&nbsp;&nbsp;&nbsp;<\/em><\/li><\/ul>\n\n\n\n<p><em>&nbsp;Weitere Ausflugsziele unter:&nbsp; <a href=\"https:\/\/www.vg-hoechstaedt.de\/category\/ausflugsziele\" target=\"_blank\" rel=\"noreferrer noopener\">https:\/\/www.vg-hoechstaedt.de\/category\/ausflugsziele<\/a><\/em><\/p>\n","protected":false},"excerpt":{"rendered":"<p>Sie k\u00f6nnen unsere Freizeitr\u00e4ume und die Au\u00dfenanlagen nutzen, oder sich an unserem w\u00f6chentlich wechselndem Freizeitprogramm beteiligen. Sehr gerne unterst\u00fctzen wir Sie bei der Umsetzung eigener Ideen.<\/p>\n","protected":false},"author":1,"featured_media":88,"parent":0,"menu_order":0,"comment_status":"closed","ping_status":"closed","template":"","meta":{"footnotes":""},"class_list":["post-43","page","type-page","status-publish","has-post-thumbnail","hentry","","tg-column-two"],"_links":{"self":[{"href":"https:\/\/schuelerheim-hoechstaedt.de\/index.php\/wp-json\/wp\/v2\/pages\/43","targetHints":{"allow":["GET"]}}],"collection":[{"href":"https:\/\/schuelerheim-hoechstaedt.de\/index.php\/wp-json\/wp\/v2\/pages"}],"about":[{"href":"https:\/\/schuelerheim-hoechstaedt.de\/index.php\/wp-json\/wp\/v2\/types\/page"}],"author":[{"embeddable":true,"href":"https:\/\/schuelerheim-hoechstaedt.de\/index.php\/wp-json\/wp\/v2\/users\/1"}],"replies":[{"embeddable":true,"href":"https:\/\/schuelerheim-hoechstaedt.de\/index.php\/wp-json\/wp\/v2\/comments?post=43"}],"version-history":[{"count":12,"href":"https:\/\/schuelerheim-hoechstaedt.de\/index.php\/wp-json\/wp\/v2\/pages\/43\/revisions"}],"predecessor-version":[{"id":666,"href":"https:\/\/schuelerheim-hoechstaedt.de\/index.php\/wp-json\/wp\/v2\/pages\/43\/revisions\/666"}],"wp:featuredmedia":[{"embeddable":true,"href":"https:\/\/schuelerheim-hoechstaedt.de\/index.php\/wp-json\/wp\/v2\/media\/88"}],"wp:attachment":[{"href":"https:\/\/schuelerheim-hoechstaedt.de\/index.php\/wp-json\/wp\/v2\/media?parent=43"}],"curies":[{"name":"wp","href":"https:\/\/api.w.org\/{rel}","templated":true}]}}