{"id":73,"date":"2020-09-18T10:25:41","date_gmt":"2020-09-18T10:25:41","guid":{"rendered":"https:\/\/baustelle.schuelerheim-hoechstaedt.de\/?page_id=73"},"modified":"2025-09-16T12:32:32","modified_gmt":"2025-09-16T12:32:32","slug":"tagesablauf","status":"publish","type":"page","link":"https:\/\/schuelerheim-hoechstaedt.de\/index.php\/tagesablauf\/","title":{"rendered":"Tagesablauf"},"content":{"rendered":"\n<div class=\"wp-block-columns is-layout-flex wp-container-core-columns-is-layout-9d6595d7 wp-block-columns-is-layout-flex\">\n<div class=\"wp-block-column is-layout-flow wp-block-column-is-layout-flow\">\n<h3 class=\"wp-block-heading\">Essenszeiten:<\/h3>\n\n\n\n<p><strong>Fr\u00fchst\u00fcck:<\/strong>     06.30 &#8211; 08.00 Uhr<br><strong>Mittagessen<\/strong>:  12.00 &#8211; 13.30 Uhr<br><strong>Abendessen<\/strong>: 17.30 &#8211; 18.45 Uhr<\/p>\n\n\n\n<hr class=\"wp-block-separator has-css-opacity\"\/>\n\n\n\n<h3 class=\"wp-block-heading\" id=\"block-8902fd97-10ac-4535-999d-2f30e159ca4d\">Freizeitangebote:<\/h3>\n\n\n\n<p><a href=\"https:\/\/schuelerheim-hoechstaedt.de\/wp-content\/uploads\/2022\/09\/Wochenplan-Freizeitangebote-SpielkreativSportSport2022_23.pdf\">siehe Wochenplan<\/a><\/p>\n<\/div>\n\n\n\n<div class=\"wp-block-column is-layout-flow wp-block-column-is-layout-flow\">\n<h3 class=\"wp-block-heading\">B\u00fcrozeiten:<\/h3>\n\n\n\n<ul class=\"wp-block-list\">\n<li>Die Haust\u00fcre wird um 22.00 Uhr geschlossen, ab dann gilt auch die Nachtruhe<\/li>\n\n\n\n<li>Das Haus \u00f6ffnet wieder um 06.45 Uhr<\/li>\n\n\n\n<li>Das B\u00fcro ist t\u00e4glich von 08.00 bis 12.00, au\u00dfer f\u00fcr Notf\u00e4lle, geschlossen<\/li>\n\n\n\n<li>Anreise Sonntag 18 bis 22 Uhr<\/li>\n\n\n\n<li>Schl\u00fcsselabgabe Freitag bis 07.45 Uhr<\/li>\n\n\n\n<li>Freitag schlie\u00dft das Haus um 08.00 Uhr<\/li>\n<\/ul>\n\n\n\n<hr class=\"wp-block-separator has-css-opacity\"\/>\n\n\n\n<h3 class=\"wp-block-heading\" id=\"block-8902fd97-10ac-4535-999d-2f30e159ca4d\">Wichtig:<\/h3>\n\n\n\n<p>Bitte unbedingt die <a href=\"https:\/\/schuelerheim-hoechstaedt.de\/wp-content\/uploads\/2025\/07\/Heimordnung2024-2025.pdf\" target=\"_blank\" rel=\"noreferrer noopener\">Heimordnung <\/a>beachten!<\/p>\n<\/div>\n<\/div>\n\n\n\n<figure class=\"wp-block-gallery alignwide has-nested-images columns-5 is-cropped wp-block-gallery-1 is-layout-flex wp-block-gallery-is-layout-flex\">\n<figure class=\"wp-block-image size-full\"><a href=\"https:\/\/schuelerheim-hoechstaedt.de\/wp-content\/uploads\/2020\/09\/speisesaal.jpg\"><img loading=\"lazy\" decoding=\"async\" width=\"167\" height=\"250\" data-id=\"144\" src=\"https:\/\/baustelle.schuelerheim-hoechstaedt.de\/wp-content\/uploads\/2020\/09\/speisesaal.jpg\" alt=\"\" class=\"wp-image-144\"\/><\/a><\/figure>\n\n\n\n<figure class=\"wp-block-image size-full\"><a href=\"https:\/\/schuelerheim-hoechstaedt.de\/wp-content\/uploads\/2020\/09\/aussenanlagen.jpg\"><img loading=\"lazy\" decoding=\"async\" width=\"300\" height=\"200\" data-id=\"135\" src=\"https:\/\/baustelle.schuelerheim-hoechstaedt.de\/wp-content\/uploads\/2020\/09\/aussenanlagen.jpg\" alt=\"\" class=\"wp-image-135\"\/><\/a><\/figure>\n\n\n\n<figure class=\"wp-block-image size-full\"><a href=\"https:\/\/schuelerheim-hoechstaedt.de\/wp-content\/uploads\/2020\/09\/farben_malen.jpg\"><img loading=\"lazy\" decoding=\"async\" width=\"250\" height=\"167\" data-id=\"133\" src=\"https:\/\/baustelle.schuelerheim-hoechstaedt.de\/wp-content\/uploads\/2020\/09\/farben_malen.jpg\" alt=\"\" class=\"wp-image-133\"\/><\/a><\/figure>\n\n\n\n<figure class=\"wp-block-image size-full\"><a href=\"https:\/\/schuelerheim-hoechstaedt.de\/wp-content\/uploads\/2020\/09\/billard_kicker.jpg\"><img loading=\"lazy\" decoding=\"async\" width=\"250\" height=\"167\" data-id=\"130\" src=\"https:\/\/baustelle.schuelerheim-hoechstaedt.de\/wp-content\/uploads\/2020\/09\/billard_kicker.jpg\" alt=\"\" class=\"wp-image-130\"\/><\/a><\/figure>\n\n\n\n<figure class=\"wp-block-image size-full\"><a href=\"https:\/\/schuelerheim-hoechstaedt.de\/wp-content\/uploads\/2020\/09\/fitnessraum.jpg\"><img loading=\"lazy\" decoding=\"async\" width=\"350\" height=\"200\" data-id=\"114\" src=\"https:\/\/baustelle.schuelerheim-hoechstaedt.de\/wp-content\/uploads\/2020\/09\/fitnessraum.jpg\" alt=\"\" class=\"wp-image-114\" srcset=\"https:\/\/schuelerheim-hoechstaedt.de\/wp-content\/uploads\/2020\/09\/fitnessraum.jpg 350w, https:\/\/schuelerheim-hoechstaedt.de\/wp-content\/uploads\/2020\/09\/fitnessraum-300x171.jpg 300w\" sizes=\"auto, (max-width: 350px) 100vw, 350px\" \/><\/a><\/figure>\n\n\n\n<figure class=\"wp-block-image size-full\"><a href=\"https:\/\/schuelerheim-hoechstaedt.de\/wp-content\/uploads\/2020\/09\/haus5.jpg\"><img loading=\"lazy\" decoding=\"async\" width=\"1000\" height=\"667\" data-id=\"103\" src=\"https:\/\/baustelle.schuelerheim-hoechstaedt.de\/wp-content\/uploads\/2020\/09\/haus5.jpg\" alt=\"\" class=\"wp-image-103\" srcset=\"https:\/\/schuelerheim-hoechstaedt.de\/wp-content\/uploads\/2020\/09\/haus5.jpg 1000w, https:\/\/schuelerheim-hoechstaedt.de\/wp-content\/uploads\/2020\/09\/haus5-300x200.jpg 300w, https:\/\/schuelerheim-hoechstaedt.de\/wp-content\/uploads\/2020\/09\/haus5-768x512.jpg 768w\" sizes=\"auto, (max-width: 1000px) 100vw, 1000px\" \/><\/a><\/figure>\n\n\n\n<figure class=\"wp-block-image size-full\"><a href=\"https:\/\/schuelerheim-hoechstaedt.de\/wp-content\/uploads\/2020\/09\/haus4.jpg\"><img loading=\"lazy\" decoding=\"async\" width=\"1000\" height=\"667\" data-id=\"102\" src=\"https:\/\/baustelle.schuelerheim-hoechstaedt.de\/wp-content\/uploads\/2020\/09\/haus4.jpg\" alt=\"\" class=\"wp-image-102\" srcset=\"https:\/\/schuelerheim-hoechstaedt.de\/wp-content\/uploads\/2020\/09\/haus4.jpg 1000w, https:\/\/schuelerheim-hoechstaedt.de\/wp-content\/uploads\/2020\/09\/haus4-300x200.jpg 300w, https:\/\/schuelerheim-hoechstaedt.de\/wp-content\/uploads\/2020\/09\/haus4-768x512.jpg 768w\" sizes=\"auto, (max-width: 1000px) 100vw, 1000px\" \/><\/a><\/figure>\n\n\n\n<figure class=\"wp-block-image size-full\"><a href=\"https:\/\/schuelerheim-hoechstaedt.de\/wp-content\/uploads\/2020\/09\/freizeit.jpg\"><img loading=\"lazy\" decoding=\"async\" width=\"557\" height=\"300\" data-id=\"88\" src=\"https:\/\/baustelle.schuelerheim-hoechstaedt.de\/wp-content\/uploads\/2020\/09\/freizeit.jpg\" alt=\"\" class=\"wp-image-88\" srcset=\"https:\/\/schuelerheim-hoechstaedt.de\/wp-content\/uploads\/2020\/09\/freizeit.jpg 557w, https:\/\/schuelerheim-hoechstaedt.de\/wp-content\/uploads\/2020\/09\/freizeit-300x162.jpg 300w\" sizes=\"auto, (max-width: 557px) 100vw, 557px\" \/><\/a><\/figure>\n<\/figure>\n","protected":false},"excerpt":{"rendered":"<p>Essenszeiten: Fr\u00fchst\u00fcck: 06.30 &#8211; 08.00 UhrMittagessen: 12.00 &#8211; 13.30 UhrAbendessen: 17.30 &#8211; 18.45 Uhr Freizeitangebote: siehe Wochenplan B\u00fcrozeiten: Wichtig: Bitte unbedingt die Heimordnung beachten!<\/p>\n","protected":false},"author":1,"featured_media":0,"parent":0,"menu_order":0,"comment_status":"closed","ping_status":"closed","template":"","meta":{"footnotes":""},"class_list":["post-73","page","type-page","status-publish","hentry","","tg-column-two"],"_links":{"self":[{"href":"https:\/\/schuelerheim-hoechstaedt.de\/index.php\/wp-json\/wp\/v2\/pages\/73","targetHints":{"allow":["GET"]}}],"collection":[{"href":"https:\/\/schuelerheim-hoechstaedt.de\/index.php\/wp-json\/wp\/v2\/pages"}],"about":[{"href":"https:\/\/schuelerheim-hoechstaedt.de\/index.php\/wp-json\/wp\/v2\/types\/page"}],"author":[{"embeddable":true,"href":"https:\/\/schuelerheim-hoechstaedt.de\/index.php\/wp-json\/wp\/v2\/users\/1"}],"replies":[{"embeddable":true,"href":"https:\/\/schuelerheim-hoechstaedt.de\/index.php\/wp-json\/wp\/v2\/comments?post=73"}],"version-history":[{"count":19,"href":"https:\/\/schuelerheim-hoechstaedt.de\/index.php\/wp-json\/wp\/v2\/pages\/73\/revisions"}],"predecessor-version":[{"id":1059,"href":"https:\/\/schuelerheim-hoechstaedt.de\/index.php\/wp-json\/wp\/v2\/pages\/73\/revisions\/1059"}],"wp:attachment":[{"href":"https:\/\/schuelerheim-hoechstaedt.de\/index.php\/wp-json\/wp\/v2\/media?parent=73"}],"curies":[{"name":"wp","href":"https:\/\/api.w.org\/{rel}","templated":true}]}}