{"id":92,"date":"2020-09-21T08:28:46","date_gmt":"2020-09-21T08:28:46","guid":{"rendered":"https:\/\/baustelle.schuelerheim-hoechstaedt.de\/?page_id=92"},"modified":"2026-04-14T07:21:02","modified_gmt":"2026-04-14T07:21:02","slug":"geaenderte-regelungen","status":"publish","type":"page","link":"https:\/\/schuelerheim-hoechstaedt.de\/index.php\/geaenderte-regelungen\/","title":{"rendered":"Aktuelle Regelungen"},"content":{"rendered":"\n<p>&gt;&gt;&gt;<strong>Zur Information:<\/strong><\/p>\n\n\n\n<p>Die Anreise zu den Bl\u00f6cken im SJ 25\/26 ist immer Sonntags zwischen 18.00 bis 22.00 Uhr m\u00f6glich und ab Montag zu den jeweiligen B\u00fcrozeiten. Bitte beachten Sie, dass es insbesondere in den ersten Bl\u00f6cken zu l\u00e4ngeren Wartezeiten kommen kann!<\/p>\n\n\n\n<p class=\"has-vivid-red-color has-text-color has-link-color wp-elements-d430c3ff6a32056f9059554220cfe137\"><strong>Sch\u00fcler und Sch\u00fclerinnen ohne Anmeldung (<\/strong><a href=\"https:\/\/www.innside-computer.de\/anmeldungen\/89420\/anmeldeformular.php\" data-type=\"link\" data-id=\"https:\/\/www.innside-computer.de\/anmeldungen\/89420\/anmeldeformular.php\" target=\"_blank\" rel=\"noreferrer noopener\">Link zur Online-Anmeldung<\/a><strong>) haben kein Anrecht auf Unterbringung.<\/strong><\/p>\n\n\n\n<p><em>Wichtig:<\/em> Auch &#8222;Wiederholer&#8220; m\u00fcssen sich neu anmelden, da nach der Pr\u00fcfung die Berechtigung auf Unterbringung erloschen ist.<\/p>\n\n\n\n<p>Bitte beachten Sie die Heimordnung und den Nutzungsvertrag <a href=\"https:\/\/schuelerheim-hoechstaedt.de\/index.php\/anmeldung\/\"><strong>hier<\/strong><\/a> !<\/p>\n\n\n\n<p>Das aktuelle Freizeitprogramm gibt es <a href=\"https:\/\/schuelerheim-hoechstaedt.de\/wp-content\/uploads\/2022\/09\/Wochenplan-Freizeitangebote-SpielkreativSportSport2022_23.pdf\"><strong>hier<\/strong><\/a>.<\/p>\n\n\n\n<p><\/p>\n\n\n\n<p>&gt;&gt;&gt;<strong> <a href=\"https:\/\/schuelerheim-hoechstaedt.de\/index.php\/mensa-kueche\/\">Essen im Sch\u00fclerheim<\/a><\/strong><\/p>\n\n\n\n<p>Wir versuchen nat\u00fcrlich, auf alle kulinarischen W\u00fcnsche einzugehen. Sollten Sie vegan, vegetarisch, laktose- oder glutenfrei essen oder beispielsweise aus religi\u00f6sen Gr\u00fcnden bestimmte Nahrung ben\u00f6tigen, geben Sie der K\u00fcche bitte <strong>in der Woche vor Ihrer Anreise bis sp\u00e4testens Mittwoch<\/strong> per Mail oder Telefon Bescheid, damit entsprechend geplant werden kann. Bei einer Meldung erst zu Blockbeginn, kann eine entsprechende Versorgung nicht gew\u00e4hrleistet werden.  Kontaktdaten finden Sie <a href=\"https:\/\/navitas-gmbh.de\/business\/iwis-landsberg\/\"><strong>hier<\/strong><\/a><a href=\"sh-hoechstaedt@navitas-gmbh.de\">,<\/a> Vegetarier k\u00f6nnen auch direkt die <a href=\"https:\/\/schuelerheim-hoechstaedt.de\/index.php\/mensa-kueche\/\"><strong>App<\/strong><\/a> nutzen. <\/p>\n\n\n\n<p><\/p>\n\n\n\n<p><strong><a href=\"https:\/\/schuelerheim-hoechstaedt.de\/wp-content\/uploads\/2021\/11\/Parkplatz-Nov.-21.pdf\">&gt;&gt;&gt; Parkplatzsituation<\/a> <\/strong><\/p>\n\n\n\n<p>Aus aktuellem Anlass weisen wir nochmals deutlich darauf hin, dass das Parken am und um den Hackschnitzelplatz nicht erlaubt ist. Bitte nutzen Sie die im obigen Link &#8222;Parkplatzsituation&#8220; gezeigte Parkm\u00f6glichkeit am Sportplatz. <\/p>\n\n\n\n<p><strong>Zudem gilt ab dem <mark style=\"background-color:rgba(0, 0, 0, 0)\" class=\"has-inline-color has-vivid-red-color\">17.01.2023<\/mark> ein neuer Parkverbotsbereich, diesen entnehmen Sie bitte der<\/strong> <a href=\"https:\/\/schuelerheim-hoechstaedt.de\/wp-content\/uploads\/2023\/01\/20230112-Skizze-Parkverbot.pdf\">Skizze hier. <\/a><\/p>\n\n\n\n<p><\/p>\n","protected":false},"excerpt":{"rendered":"<p>&gt;&gt;&gt;Zur Information: Die Anreise zu den Bl\u00f6cken im SJ 25\/26 ist immer Sonntags zwischen 18.00 bis 22.00 Uhr m\u00f6glich und ab Montag zu den jeweiligen B\u00fcrozeiten. Bitte beachten Sie, dass es insbesondere in den ersten Bl\u00f6cken zu l\u00e4ngeren Wartezeiten kommen<\/p>\n","protected":false},"author":1,"featured_media":0,"parent":0,"menu_order":0,"comment_status":"closed","ping_status":"closed","template":"","meta":{"footnotes":""},"class_list":["post-92","page","type-page","status-publish","hentry","","tg-column-two"],"_links":{"self":[{"href":"https:\/\/schuelerheim-hoechstaedt.de\/index.php\/wp-json\/wp\/v2\/pages\/92","targetHints":{"allow":["GET"]}}],"collection":[{"href":"https:\/\/schuelerheim-hoechstaedt.de\/index.php\/wp-json\/wp\/v2\/pages"}],"about":[{"href":"https:\/\/schuelerheim-hoechstaedt.de\/index.php\/wp-json\/wp\/v2\/types\/page"}],"author":[{"embeddable":true,"href":"https:\/\/schuelerheim-hoechstaedt.de\/index.php\/wp-json\/wp\/v2\/users\/1"}],"replies":[{"embeddable":true,"href":"https:\/\/schuelerheim-hoechstaedt.de\/index.php\/wp-json\/wp\/v2\/comments?post=92"}],"version-history":[{"count":62,"href":"https:\/\/schuelerheim-hoechstaedt.de\/index.php\/wp-json\/wp\/v2\/pages\/92\/revisions"}],"predecessor-version":[{"id":1099,"href":"https:\/\/schuelerheim-hoechstaedt.de\/index.php\/wp-json\/wp\/v2\/pages\/92\/revisions\/1099"}],"wp:attachment":[{"href":"https:\/\/schuelerheim-hoechstaedt.de\/index.php\/wp-json\/wp\/v2\/media?parent=92"}],"curies":[{"name":"wp","href":"https:\/\/api.w.org\/{rel}","templated":true}]}}